{"id":843,"date":"2021-06-01T08:33:31","date_gmt":"2021-06-01T11:33:31","guid":{"rendered":"http:\/\/inneurosaj.com.br\/?page_id=843"},"modified":"2021-07-05T16:13:38","modified_gmt":"2021-07-05T19:13:38","slug":"blog","status":"publish","type":"page","link":"https:\/\/inneurosaj.com.br\/index.php\/blog\/","title":{"rendered":"Blog"},"content":{"rendered":"\t\t<div data-elementor-type=\"wp-page\" data-elementor-id=\"843\" class=\"elementor elementor-843\" data-elementor-settings=\"[]\">\n\t\t\t\t\t\t\t<div class=\"elementor-section-wrap\">\n\t\t\t\t\t\t\t<section data-particle_enable=\"false\" data-particle-mobile-disabled=\"false\" class=\"elementor-section elementor-top-section elementor-element elementor-element-6365167 elementor-section-full_width elementor-section-height-min-height elementor-section-items-top elementor-section-stretched elementor-section-height-default\" data-id=\"6365167\" data-element_type=\"section\" data-settings=\"{&quot;stretch_section&quot;:&quot;section-stretched&quot;,&quot;background_background&quot;:&quot;classic&quot;}\">\n\t\t\t\t\t\t\t<div class=\"elementor-background-overlay\"><\/div>\n\t\t\t\t\t\t\t<div class=\"elementor-container elementor-column-gap-default\">\n\t\t\t\t\t<div class=\"elementor-column elementor-col-100 elementor-top-column elementor-element elementor-element-b045c1a\" data-id=\"b045c1a\" data-element_type=\"column\">\n\t\t\t<div class=\"elementor-widget-wrap elementor-element-populated\">\n\t\t\t\t\t\t\t\t<section data-particle_enable=\"false\" data-particle-mobile-disabled=\"false\" class=\"elementor-section elementor-inner-section elementor-element elementor-element-e9361b2 elementor-section-boxed elementor-section-height-default elementor-section-height-default\" data-id=\"e9361b2\" data-element_type=\"section\">\n\t\t\t\t\t\t<div class=\"elementor-container elementor-column-gap-default\">\n\t\t\t\t\t<div class=\"elementor-column elementor-col-100 elementor-inner-column elementor-element elementor-element-b2d8413\" data-id=\"b2d8413\" data-element_type=\"column\">\n\t\t\t<div class=\"elementor-widget-wrap elementor-element-populated\">\n\t\t\t\t\t\t\t\t<div class=\"elementor-element elementor-element-cb003ee elementor-widget elementor-widget-spacer\" data-id=\"cb003ee\" data-element_type=\"widget\" data-widget_type=\"spacer.default\">\n\t\t\t\t<div class=\"elementor-widget-container\">\n\t\t\t\t\t<div class=\"elementor-spacer\">\n\t\t\t<div class=\"elementor-spacer-inner\"><\/div>\n\t\t<\/div>\n\t\t\t\t<\/div>\n\t\t\t\t<\/div>\n\t\t\t\t<div class=\"elementor-element elementor-element-578a524 elementor-widget elementor-widget-heading\" data-id=\"578a524\" data-element_type=\"widget\" data-widget_type=\"heading.default\">\n\t\t\t\t<div class=\"elementor-widget-container\">\n\t\t\t<h2 class=\"elementor-heading-title elementor-size-default\">Blog  Inneuro<\/h2>\t\t<\/div>\n\t\t\t\t<\/div>\n\t\t\t\t<div class=\"elementor-element elementor-element-f4d6b5b elementor-widget elementor-widget-text-editor\" data-id=\"f4d6b5b\" data-element_type=\"widget\" data-widget_type=\"text-editor.default\">\n\t\t\t\t<div class=\"elementor-widget-container\">\n\t\t\t\t\t\t\t\t<p>Dicas \u00fateis para manter a sua sa\u00fade em dia!<\/p>\t\t\t\t\t\t<\/div>\n\t\t\t\t<\/div>\n\t\t\t\t\t<\/div>\n\t\t<\/div>\n\t\t\t\t\t\t\t<\/div>\n\t\t<\/section>\n\t\t\t\t\t<\/div>\n\t\t<\/div>\n\t\t\t\t\t\t\t<\/div>\n\t\t<\/section>\n\t\t\t\t<section data-particle_enable=\"false\" data-particle-mobile-disabled=\"false\" class=\"elementor-section elementor-top-section elementor-element elementor-element-25dbf31 elementor-section-boxed elementor-section-height-default elementor-section-height-default\" data-id=\"25dbf31\" data-element_type=\"section\">\n\t\t\t\t\t\t<div class=\"elementor-container elementor-column-gap-default\">\n\t\t\t\t\t<div class=\"elementor-column elementor-col-100 elementor-top-column elementor-element elementor-element-11d0976\" data-id=\"11d0976\" data-element_type=\"column\">\n\t\t\t<div class=\"elementor-widget-wrap elementor-element-populated\">\n\t\t\t\t\t\t\t\t<div class=\"elementor-element elementor-element-9748c2a elementor-posts--align-left elementor-grid-3 elementor-grid-tablet-2 elementor-grid-mobile-1 elementor-posts--thumbnail-top elementor-card-shadow-yes elementor-posts__hover-gradient elementor-widget elementor-widget-posts\" data-id=\"9748c2a\" data-element_type=\"widget\" data-settings=\"{&quot;cards_row_gap&quot;:{&quot;unit&quot;:&quot;px&quot;,&quot;size&quot;:30,&quot;sizes&quot;:[]},&quot;cards_columns&quot;:&quot;3&quot;,&quot;cards_columns_tablet&quot;:&quot;2&quot;,&quot;cards_columns_mobile&quot;:&quot;1&quot;}\" data-widget_type=\"posts.cards\">\n\t\t\t\t<div class=\"elementor-widget-container\">\n\t\t\t\t\t<div class=\"elementor-posts-container elementor-posts elementor-posts--skin-cards elementor-grid\">\n\t\t\t\t<article class=\"elementor-post elementor-grid-item post-1232 post type-post status-publish format-standard has-post-thumbnail hentry category-blog entry has-media\">\n\t\t\t<div class=\"elementor-post__card\">\n\t\t\t\t<a class=\"elementor-post__thumbnail__link\" href=\"https:\/\/inneurosaj.com.br\/index.php\/2021\/08\/06\/coleta-de-lcr-por-puncao-lombar-com-raquimanometria-digital\/\" >\n\t\t\t<div class=\"elementor-post__thumbnail\"><img loading=\"lazy\" decoding=\"async\" width=\"300\" height=\"300\" src=\"https:\/\/inneurosaj.com.br\/wp-content\/uploads\/2021\/08\/3d-render-medical-background-with-male-figure-with-spine-discs-highlighted-300x300.jpg\" class=\"attachment-medium size-medium\" alt=\"\" srcset=\"https:\/\/inneurosaj.com.br\/wp-content\/uploads\/2021\/08\/3d-render-medical-background-with-male-figure-with-spine-discs-highlighted-300x300.jpg 300w, https:\/\/inneurosaj.com.br\/wp-content\/uploads\/2021\/08\/3d-render-medical-background-with-male-figure-with-spine-discs-highlighted-1024x1024.jpg 1024w, https:\/\/inneurosaj.com.br\/wp-content\/uploads\/2021\/08\/3d-render-medical-background-with-male-figure-with-spine-discs-highlighted-150x150.jpg 150w, https:\/\/inneurosaj.com.br\/wp-content\/uploads\/2021\/08\/3d-render-medical-background-with-male-figure-with-spine-discs-highlighted-768x768.jpg 768w, https:\/\/inneurosaj.com.br\/wp-content\/uploads\/2021\/08\/3d-render-medical-background-with-male-figure-with-spine-discs-highlighted-1536x1536.jpg 1536w, https:\/\/inneurosaj.com.br\/wp-content\/uploads\/2021\/08\/3d-render-medical-background-with-male-figure-with-spine-discs-highlighted-2048x2048.jpg 2048w\" sizes=\"auto, (max-width: 300px) 100vw, 300px\" \/><\/div>\n\t\t<\/a>\n\t\t\t\t<div class=\"elementor-post__text\">\n\t\t\t\t<h3 class=\"elementor-post__title\">\n\t\t\t<a href=\"https:\/\/inneurosaj.com.br\/index.php\/2021\/08\/06\/coleta-de-lcr-por-puncao-lombar-com-raquimanometria-digital\/\" >\n\t\t\t\tColeta de LCR por pun\u00e7\u00e3o lombar com raquimanometria digital\t\t\t<\/a>\n\t\t<\/h3>\n\t\t\t\t<div class=\"elementor-post__excerpt\">\n\t\t\t<p>A coleta de LCR por pun\u00e7\u00e3o lombar com raquimanometria digital, \u00e9 um procedimento importante para o diagn\u00f3stico e manejo de pacientes com doen\u00e7as neurol\u00f3gicas, incluindo<\/p>\n\t\t<\/div>\n\t\t\t\t\t<a class=\"elementor-post__read-more\" href=\"https:\/\/inneurosaj.com.br\/index.php\/2021\/08\/06\/coleta-de-lcr-por-puncao-lombar-com-raquimanometria-digital\/\" >\n\t\t\t\tLeia mais \u00bb\t\t\t<\/a>\n\t\t\t\t<\/div>\n\t\t\t\t<div class=\"elementor-post__meta-data\">\n\t\t\t\t\t<span class=\"elementor-post-date\">\n\t\t\t6 de agosto de 2021\t\t<\/span>\n\t\t\t\t<\/div>\n\t\t\t\t\t<\/div>\n\t\t<\/article>\n\t\t\t\t<article class=\"elementor-post elementor-grid-item post-928 post type-post status-publish format-standard has-post-thumbnail hentry category-blog entry has-media\">\n\t\t\t<div class=\"elementor-post__card\">\n\t\t\t\t<a class=\"elementor-post__thumbnail__link\" href=\"https:\/\/inneurosaj.com.br\/index.php\/2021\/07\/05\/o-que-e-doppler-transcraniano\/\" >\n\t\t\t<div class=\"elementor-post__thumbnail\"><img loading=\"lazy\" decoding=\"async\" width=\"300\" height=\"187\" src=\"https:\/\/inneurosaj.com.br\/wp-content\/uploads\/2021\/07\/Doppler-Transcaniano-300x187.png\" class=\"attachment-medium size-medium\" alt=\"\" srcset=\"https:\/\/inneurosaj.com.br\/wp-content\/uploads\/2021\/07\/Doppler-Transcaniano-300x187.png 300w, https:\/\/inneurosaj.com.br\/wp-content\/uploads\/2021\/07\/Doppler-Transcaniano-1024x639.png 1024w, https:\/\/inneurosaj.com.br\/wp-content\/uploads\/2021\/07\/Doppler-Transcaniano-768x479.png 768w, https:\/\/inneurosaj.com.br\/wp-content\/uploads\/2021\/07\/Doppler-Transcaniano-1536x959.png 1536w, https:\/\/inneurosaj.com.br\/wp-content\/uploads\/2021\/07\/Doppler-Transcaniano.png 2048w\" sizes=\"auto, (max-width: 300px) 100vw, 300px\" \/><\/div>\n\t\t<\/a>\n\t\t\t\t<div class=\"elementor-post__text\">\n\t\t\t\t<h3 class=\"elementor-post__title\">\n\t\t\t<a href=\"https:\/\/inneurosaj.com.br\/index.php\/2021\/07\/05\/o-que-e-doppler-transcraniano\/\" >\n\t\t\t\tO que \u00e9 Doppler Transcraniano?\t\t\t<\/a>\n\t\t<\/h3>\n\t\t\t\t<div class=\"elementor-post__excerpt\">\n\t\t\t<p>O exame de\u00a0Doppler Transcraniano\u00a0trata-se de um exame espec\u00edfico de ultrassonografia, que tem o objetivo de analisar o fluxo sangu\u00edneo das grandes art\u00e9rias cerebrais, para detectar<\/p>\n\t\t<\/div>\n\t\t\t\t\t<a class=\"elementor-post__read-more\" href=\"https:\/\/inneurosaj.com.br\/index.php\/2021\/07\/05\/o-que-e-doppler-transcraniano\/\" >\n\t\t\t\tLeia mais \u00bb\t\t\t<\/a>\n\t\t\t\t<\/div>\n\t\t\t\t<div class=\"elementor-post__meta-data\">\n\t\t\t\t\t<span class=\"elementor-post-date\">\n\t\t\t5 de julho de 2021\t\t<\/span>\n\t\t\t\t<\/div>\n\t\t\t\t\t<\/div>\n\t\t<\/article>\n\t\t\t\t<article class=\"elementor-post elementor-grid-item post-901 post type-post status-publish format-standard has-post-thumbnail hentry category-blog entry has-media\">\n\t\t\t<div class=\"elementor-post__card\">\n\t\t\t\t<a class=\"elementor-post__thumbnail__link\" href=\"https:\/\/inneurosaj.com.br\/index.php\/2021\/07\/05\/aneurisma-cerebral-o-que-e-sintomas-causas-e-tratamento\/\" >\n\t\t\t<div class=\"elementor-post__thumbnail\"><img loading=\"lazy\" decoding=\"async\" width=\"300\" height=\"200\" src=\"https:\/\/inneurosaj.com.br\/wp-content\/uploads\/2021\/06\/90445-300x200.jpg\" class=\"attachment-medium size-medium\" alt=\"\" srcset=\"https:\/\/inneurosaj.com.br\/wp-content\/uploads\/2021\/06\/90445-300x200.jpg 300w, https:\/\/inneurosaj.com.br\/wp-content\/uploads\/2021\/06\/90445-1024x683.jpg 1024w, https:\/\/inneurosaj.com.br\/wp-content\/uploads\/2021\/06\/90445-768x512.jpg 768w, https:\/\/inneurosaj.com.br\/wp-content\/uploads\/2021\/06\/90445-1536x1024.jpg 1536w, https:\/\/inneurosaj.com.br\/wp-content\/uploads\/2021\/06\/90445-2048x1365.jpg 2048w\" sizes=\"auto, (max-width: 300px) 100vw, 300px\" \/><\/div>\n\t\t<\/a>\n\t\t\t\t<div class=\"elementor-post__text\">\n\t\t\t\t<h3 class=\"elementor-post__title\">\n\t\t\t<a href=\"https:\/\/inneurosaj.com.br\/index.php\/2021\/07\/05\/aneurisma-cerebral-o-que-e-sintomas-causas-e-tratamento\/\" >\n\t\t\t\tAneurisma cerebral: o que \u00e9, sintomas, causas e tratamento\t\t\t<\/a>\n\t\t<\/h3>\n\t\t\t\t<div class=\"elementor-post__excerpt\">\n\t\t\t<p>O aneurisma cerebral \u00e9 uma dilata\u00e7\u00e3o num dos vasos sangu\u00edneos que levam sangue at\u00e9 ao c\u00e9rebro. Quando isso acontece, a parte dilatada geralmente apresenta uma<\/p>\n\t\t<\/div>\n\t\t\t\t\t<a class=\"elementor-post__read-more\" href=\"https:\/\/inneurosaj.com.br\/index.php\/2021\/07\/05\/aneurisma-cerebral-o-que-e-sintomas-causas-e-tratamento\/\" >\n\t\t\t\tLeia mais \u00bb\t\t\t<\/a>\n\t\t\t\t<\/div>\n\t\t\t\t<div class=\"elementor-post__meta-data\">\n\t\t\t\t\t<span class=\"elementor-post-date\">\n\t\t\t5 de julho de 2021\t\t<\/span>\n\t\t\t\t<\/div>\n\t\t\t\t\t<\/div>\n\t\t<\/article>\n\t\t\t\t<article class=\"elementor-post elementor-grid-item post-903 post type-post status-publish format-standard has-post-thumbnail hentry category-blog entry has-media\">\n\t\t\t<div class=\"elementor-post__card\">\n\t\t\t\t<a class=\"elementor-post__thumbnail__link\" href=\"https:\/\/inneurosaj.com.br\/index.php\/2021\/07\/05\/como-diferenciar-os-tipos-de-avc\/\" >\n\t\t\t<div class=\"elementor-post__thumbnail\"><img loading=\"lazy\" decoding=\"async\" width=\"300\" height=\"200\" src=\"https:\/\/inneurosaj.com.br\/wp-content\/uploads\/2021\/07\/tipos-de-ave-acidente-vascular-encefalico_23864_l-300x200.jpg\" class=\"attachment-medium size-medium\" alt=\"\" srcset=\"https:\/\/inneurosaj.com.br\/wp-content\/uploads\/2021\/07\/tipos-de-ave-acidente-vascular-encefalico_23864_l-300x200.jpg 300w, https:\/\/inneurosaj.com.br\/wp-content\/uploads\/2021\/07\/tipos-de-ave-acidente-vascular-encefalico_23864_l.jpg 640w\" sizes=\"auto, (max-width: 300px) 100vw, 300px\" \/><\/div>\n\t\t<\/a>\n\t\t\t\t<div class=\"elementor-post__text\">\n\t\t\t\t<h3 class=\"elementor-post__title\">\n\t\t\t<a href=\"https:\/\/inneurosaj.com.br\/index.php\/2021\/07\/05\/como-diferenciar-os-tipos-de-avc\/\" >\n\t\t\t\tComo diferenciar os tipos de AVC\t\t\t<\/a>\n\t\t<\/h3>\n\t\t\t\t<div class=\"elementor-post__excerpt\">\n\t\t\t<p>Existem dois tipos de acidente vascular cerebral (AVC), que s\u00e3o classificados de acordo com a causa que est\u00e1 na origem da diminui\u00e7\u00e3o do fluxo sangu\u00edneo<\/p>\n\t\t<\/div>\n\t\t\t\t\t<a class=\"elementor-post__read-more\" href=\"https:\/\/inneurosaj.com.br\/index.php\/2021\/07\/05\/como-diferenciar-os-tipos-de-avc\/\" >\n\t\t\t\tLeia mais \u00bb\t\t\t<\/a>\n\t\t\t\t<\/div>\n\t\t\t\t<div class=\"elementor-post__meta-data\">\n\t\t\t\t\t<span class=\"elementor-post-date\">\n\t\t\t5 de julho de 2021\t\t<\/span>\n\t\t\t\t<\/div>\n\t\t\t\t\t<\/div>\n\t\t<\/article>\n\t\t\t\t<article class=\"elementor-post elementor-grid-item post-906 post type-post status-publish format-standard has-post-thumbnail hentry category-blog entry has-media\">\n\t\t\t<div class=\"elementor-post__card\">\n\t\t\t\t<a class=\"elementor-post__thumbnail__link\" href=\"https:\/\/inneurosaj.com.br\/index.php\/2021\/07\/05\/12-sintomas-que-podem-indicar-avc-e-o-que-fazer\/\" >\n\t\t\t<div class=\"elementor-post__thumbnail\"><img loading=\"lazy\" decoding=\"async\" width=\"300\" height=\"241\" src=\"https:\/\/inneurosaj.com.br\/wp-content\/uploads\/2021\/07\/cerebral-300x241.jpg\" class=\"attachment-medium size-medium\" alt=\"\" srcset=\"https:\/\/inneurosaj.com.br\/wp-content\/uploads\/2021\/07\/cerebral-300x241.jpg 300w, https:\/\/inneurosaj.com.br\/wp-content\/uploads\/2021\/07\/cerebral-1024x824.jpg 1024w, https:\/\/inneurosaj.com.br\/wp-content\/uploads\/2021\/07\/cerebral-768x618.jpg 768w, https:\/\/inneurosaj.com.br\/wp-content\/uploads\/2021\/07\/cerebral.jpg 1142w\" sizes=\"auto, (max-width: 300px) 100vw, 300px\" \/><\/div>\n\t\t<\/a>\n\t\t\t\t<div class=\"elementor-post__text\">\n\t\t\t\t<h3 class=\"elementor-post__title\">\n\t\t\t<a href=\"https:\/\/inneurosaj.com.br\/index.php\/2021\/07\/05\/12-sintomas-que-podem-indicar-avc-e-o-que-fazer\/\" >\n\t\t\t\t12 sintomas que podem indicar AVC (e o que fazer)\t\t\t<\/a>\n\t\t<\/h3>\n\t\t\t\t<div class=\"elementor-post__excerpt\">\n\t\t\t<p>Os&nbsp;sintomas de um&nbsp;acidente vascular cerebral (AVC), tamb\u00e9m conhecido como&nbsp;derrame ou AVC, podem surgir de uma hora para outra, e dependendo da parte do c\u00e9rebro que<\/p>\n\t\t<\/div>\n\t\t\t\t\t<a class=\"elementor-post__read-more\" href=\"https:\/\/inneurosaj.com.br\/index.php\/2021\/07\/05\/12-sintomas-que-podem-indicar-avc-e-o-que-fazer\/\" >\n\t\t\t\tLeia mais \u00bb\t\t\t<\/a>\n\t\t\t\t<\/div>\n\t\t\t\t<div class=\"elementor-post__meta-data\">\n\t\t\t\t\t<span class=\"elementor-post-date\">\n\t\t\t5 de julho de 2021\t\t<\/span>\n\t\t\t\t<\/div>\n\t\t\t\t\t<\/div>\n\t\t<\/article>\n\t\t\t\t<article class=\"elementor-post elementor-grid-item post-715 post type-post status-publish format-standard has-post-thumbnail hentry category-blog entry has-media\">\n\t\t\t<div class=\"elementor-post__card\">\n\t\t\t\t<a class=\"elementor-post__thumbnail__link\" href=\"https:\/\/inneurosaj.com.br\/index.php\/2021\/05\/25\/conheca-os-beneficios-da-pratica-de-exercicios-comprovados-pela-ciencia-2\/\" >\n\t\t\t<div class=\"elementor-post__thumbnail\"><img loading=\"lazy\" decoding=\"async\" width=\"300\" height=\"200\" src=\"https:\/\/inneurosaj.com.br\/wp-content\/uploads\/2021\/05\/cheerful-caucasian-girl-keeps-hands-together-near-face-looks-positively-aside-has-no-make-up-healthy-skin-wears-white-sweater-stands-purple-wall-with-blank-space-your-promotion-1-300x200.jpg\" class=\"attachment-medium size-medium\" alt=\"\" srcset=\"https:\/\/inneurosaj.com.br\/wp-content\/uploads\/2021\/05\/cheerful-caucasian-girl-keeps-hands-together-near-face-looks-positively-aside-has-no-make-up-healthy-skin-wears-white-sweater-stands-purple-wall-with-blank-space-your-promotion-1-300x200.jpg 300w, https:\/\/inneurosaj.com.br\/wp-content\/uploads\/2021\/05\/cheerful-caucasian-girl-keeps-hands-together-near-face-looks-positively-aside-has-no-make-up-healthy-skin-wears-white-sweater-stands-purple-wall-with-blank-space-your-promotion-1-1024x682.jpg 1024w, https:\/\/inneurosaj.com.br\/wp-content\/uploads\/2021\/05\/cheerful-caucasian-girl-keeps-hands-together-near-face-looks-positively-aside-has-no-make-up-healthy-skin-wears-white-sweater-stands-purple-wall-with-blank-space-your-promotion-1-768x512.jpg 768w, https:\/\/inneurosaj.com.br\/wp-content\/uploads\/2021\/05\/cheerful-caucasian-girl-keeps-hands-together-near-face-looks-positively-aside-has-no-make-up-healthy-skin-wears-white-sweater-stands-purple-wall-with-blank-space-your-promotion-1-1536x1024.jpg 1536w, https:\/\/inneurosaj.com.br\/wp-content\/uploads\/2021\/05\/cheerful-caucasian-girl-keeps-hands-together-near-face-looks-positively-aside-has-no-make-up-healthy-skin-wears-white-sweater-stands-purple-wall-with-blank-space-your-promotion-1.jpg 2000w\" sizes=\"auto, (max-width: 300px) 100vw, 300px\" \/><\/div>\n\t\t<\/a>\n\t\t\t\t<div class=\"elementor-post__text\">\n\t\t\t\t<h3 class=\"elementor-post__title\">\n\t\t\t<a href=\"https:\/\/inneurosaj.com.br\/index.php\/2021\/05\/25\/conheca-os-beneficios-da-pratica-de-exercicios-comprovados-pela-ciencia-2\/\" >\n\t\t\t\tConhe\u00e7a os benef\u00edcios da pr\u00e1tica de exerc\u00edcios comprovados pela ci\u00eancia\t\t\t<\/a>\n\t\t<\/h3>\n\t\t\t\t<div class=\"elementor-post__excerpt\">\n\t\t\t<p>Ao longo dos quatro anos de exist\u00eancia do Eu Atleta, fisiologista do projeto contribuiu com diversas pequisas cient\u00edficas que mostram as vantagens de ser uma<\/p>\n\t\t<\/div>\n\t\t\t\t\t<a class=\"elementor-post__read-more\" href=\"https:\/\/inneurosaj.com.br\/index.php\/2021\/05\/25\/conheca-os-beneficios-da-pratica-de-exercicios-comprovados-pela-ciencia-2\/\" >\n\t\t\t\tLeia mais \u00bb\t\t\t<\/a>\n\t\t\t\t<\/div>\n\t\t\t\t<div class=\"elementor-post__meta-data\">\n\t\t\t\t\t<span class=\"elementor-post-date\">\n\t\t\t25 de maio de 2021\t\t<\/span>\n\t\t\t\t<\/div>\n\t\t\t\t\t<\/div>\n\t\t<\/article>\n\t\t\t\t<\/div>\n\t\t\t\t<\/div>\n\t\t\t\t<\/div>\n\t\t\t\t\t<\/div>\n\t\t<\/div>\n\t\t\t\t\t\t\t<\/div>\n\t\t<\/section>\n\t\t\t\t\t\t<\/div>\n\t\t\t\t\t<\/div>\n\t\t","protected":false},"excerpt":{"rendered":"<p>Blog Inneuro Dicas \u00fateis para manter a sua sa\u00fade em dia!<\/p>\n","protected":false},"author":1,"featured_media":0,"parent":0,"menu_order":0,"comment_status":"closed","ping_status":"closed","template":"elementor_header_footer","meta":{"om_disable_all_campaigns":false,"_monsterinsights_skip_tracking":false,"_monsterinsights_sitenote_active":false,"_monsterinsights_sitenote_note":"","_monsterinsights_sitenote_category":0,"footnotes":""},"class_list":["post-843","page","type-page","status-publish","hentry","entry","has-media"],"_links":{"self":[{"href":"https:\/\/inneurosaj.com.br\/index.php\/wp-json\/wp\/v2\/pages\/843","targetHints":{"allow":["GET"]}}],"collection":[{"href":"https:\/\/inneurosaj.com.br\/index.php\/wp-json\/wp\/v2\/pages"}],"about":[{"href":"https:\/\/inneurosaj.com.br\/index.php\/wp-json\/wp\/v2\/types\/page"}],"author":[{"embeddable":true,"href":"https:\/\/inneurosaj.com.br\/index.php\/wp-json\/wp\/v2\/users\/1"}],"replies":[{"embeddable":true,"href":"https:\/\/inneurosaj.com.br\/index.php\/wp-json\/wp\/v2\/comments?post=843"}],"version-history":[{"count":25,"href":"https:\/\/inneurosaj.com.br\/index.php\/wp-json\/wp\/v2\/pages\/843\/revisions"}],"predecessor-version":[{"id":919,"href":"https:\/\/inneurosaj.com.br\/index.php\/wp-json\/wp\/v2\/pages\/843\/revisions\/919"}],"wp:attachment":[{"href":"https:\/\/inneurosaj.com.br\/index.php\/wp-json\/wp\/v2\/media?parent=843"}],"curies":[{"name":"wp","href":"https:\/\/api.w.org\/{rel}","templated":true}]}}